{"id":10873,"date":"2020-08-25T23:27:09","date_gmt":"2020-08-25T21:27:09","guid":{"rendered":"https:\/\/cossetto.com.hr\/?page_id=10873"},"modified":"2023-10-04T21:54:56","modified_gmt":"2023-10-04T20:54:56","slug":"malvasia","status":"publish","type":"page","link":"https:\/\/cossetto.com.hr\/en\/malvasia\/","title":{"rendered":"Malvasia"},"content":{"rendered":"<p>[vc_row][vc_column]<div class=\"eltdf-vertical-split-slider\"><div class=\"eltdf-vss-ms-left\"><div class=\"eltdf-vss-ms-section\"  style=\"background-image: url(https:\/\/cossetto.com.hr\/wp-content\/uploads\/2023\/08\/Malvazija.jpg);text-align: left\">\n\t<\/div><div class=\"eltdf-vss-ms-section\" data-header-style=\"light\" style=\"background-color: #f8f8f8;text-align: left\">\n\t<div class=\"eltdf-elements-holder eltdf-responsive-mode-768\" ><div class=\"eltdf-eh-item \" data-item-class=\"eltdf-eh-custom-441142\" data-1280-1600=\"24px 20% 50px 20%\" data-1024-1280=\"0px 20% 22px 20%\" data-768-1024=\"12.5% 21% 0% 21%\" data-600-768=\"20% 20% 0%20%\" data-480-600=\"29% 5% 0px 5%\" data-480=\"40% 5% 0px 5%\" >\n\t<div class=\"eltdf-eh-item-inner\" >\n\t\t<div class=\"eltdf-eh-item-content eltdf-eh-custom-441142\" style=\"padding: 25px 20% 50px 20%\">\n\t\t\t[vc_column_text css=&#8221;.vc_custom_1696452829800{margin-bottom: -25px !important;padding-bottom: 6px !important;}&#8221;]<\/p>\n<h6><span style=\"color: #b1af6a; font-size: 24px;\">Regular line &#8211; Malvasia<\/span><\/h6>\n<p>[\/vc_column_text][vc_column_text css=&#8221;.vc_custom_1696438497402{padding-bottom: 4px !important;}&#8221;]<\/p>\n<h3>CHARACTERISTICS<\/h3>\n<p>[\/vc_column_text]<div class=\"eltdf-iwt clearfix eltdf-iwt-icon-left eltdf-iwt-icon-small\">\n    <div class=\"eltdf-iwt-icon\">\n                                        <span class=\"eltdf-icon-shortcode eltdf-normal eltdf-icon-small\"  data-color=\"#64384d\">\n                    <i class=\"eltd-icon-dripicons dripicon dripicon-location eltdf-icon-element\" style=\"color: #64384d\" ><\/i>            <\/span>\n                        <\/div>\n    <div class=\"eltdf-iwt-content\" >\n\t    \t\t            <p class=\"eltdf-iwt-text\" >Region: Istria<\/p>\n\t\t    <\/div>\n<\/div>[vc_empty_space height=&#8221;10px&#8221;]<div class=\"eltdf-iwt clearfix eltdf-iwt-icon-left eltdf-iwt-icon-medium\">\n    <div class=\"eltdf-iwt-icon\">\n                                    <img loading=\"lazy\" decoding=\"async\" width=\"30\" height=\"37\" src=\"https:\/\/cossetto.com.hr\/wp-content\/uploads\/2017\/03\/custom-icon-7.png\" class=\"attachment-full size-full\" alt=\"a\" \/>                        <\/div>\n    <div class=\"eltdf-iwt-content\" >\n\t    \t\t            <p class=\"eltdf-iwt-text\" >Variety: Malvasia<\/p>\n\t\t    <\/div>\n<\/div>[vc_empty_space height=&#8221;10px&#8221;]<div class=\"eltdf-iwt clearfix eltdf-iwt-icon-left eltdf-iwt-icon-medium\">\n    <div class=\"eltdf-iwt-icon\">\n                                    <img loading=\"lazy\" decoding=\"async\" width=\"18\" height=\"37\" src=\"https:\/\/cossetto.com.hr\/wp-content\/uploads\/2017\/03\/custom-icon-9.png\" class=\"attachment-full size-full\" alt=\"a\" \/>                        <\/div>\n    <div class=\"eltdf-iwt-content\" >\n\t    \t\t            <p class=\"eltdf-iwt-text\" >Serving temperature: 10\u00b0C<\/p>\n\t\t    <\/div>\n<\/div>[vc_empty_space height=&#8221;10px&#8221;]<div class=\"eltdf-iwt clearfix eltdf-iwt-icon-left eltdf-iwt-icon-medium\">\n    <div class=\"eltdf-iwt-icon\">\n                                    <img loading=\"lazy\" decoding=\"async\" width=\"26\" height=\"37\" src=\"https:\/\/cossetto.com.hr\/wp-content\/uploads\/2017\/03\/custom-icon-6.png\" class=\"attachment-full size-full\" alt=\"a\" \/>                        <\/div>\n    <div class=\"eltdf-iwt-content\" >\n\t    \t\t            <p class=\"eltdf-iwt-text\" >Alcohol: 13%<\/p>\n\t\t    <\/div>\n<\/div>[vc_empty_space height=&#8221;10px&#8221;]<div class=\"eltdf-iwt clearfix eltdf-iwt-icon-left eltdf-iwt-icon-medium\">\n    <div class=\"eltdf-iwt-icon\">\n                                    <img loading=\"lazy\" decoding=\"async\" width=\"28\" height=\"37\" src=\"https:\/\/cossetto.com.hr\/wp-content\/uploads\/2017\/03\/custom-icon-8.png\" class=\"attachment-full size-full\" alt=\"a\" \/>                        <\/div>\n    <div class=\"eltdf-iwt-content\" >\n\t    \t\t            <p class=\"eltdf-iwt-text\" >Content: 0,75L<\/p>\n\t\t    <\/div>\n<\/div>[vc_empty_space height=&#8221;10px&#8221;]\t\t<\/div>\n\t<\/div>\n\t<\/div><\/div><\/div><div class=\"eltdf-vss-ms-section\"  style=\"background-image: url(https:\/\/cossetto.com.hr\/wp-content\/uploads\/2023\/08\/Malvazija_Art_03.jpg);text-align: center\">\n\t<\/div><div class=\"eltdf-vss-ms-section\" data-header-style=\"light\" style=\"background-color: #f8f8f8;text-align: left\">\n\t<div class=\"eltdf-elements-holder eltdf-responsive-mode-768\" ><div class=\"eltdf-eh-item \" data-item-class=\"eltdf-eh-custom-476285\" data-1280-1600=\"0px 15% 30px 15%\" data-1024-1280=\"20px 15% 0px 15%\" data-768-1024=\"4% 11% 0% 11%\" data-600-768=\"15% 11% 0% 11%\" data-480-600=\"15% 2% 0% 0%;\" data-480=\"2% 4% 5% 4%\" >\n\t<div class=\"eltdf-eh-item-inner\" >\n\t\t<div class=\"eltdf-eh-item-content eltdf-eh-custom-476285\" style=\"padding: 0 20% 30px 20%\">\n\t\t\t[vc_column_text]<\/p>\n<h3>CONTACT US<\/h3>\n<p>[\/vc_column_text][vc_empty_space height=&#8221;20px&#8221;]<div class=\"eltdf-icon-list-holder\" style=\"margin-bottom: 0px\">\n\t<div class=\"eltdf-il-icon-holder\">\n\t\t<i class=\"eltd-icon-dripicons dripicon dripicon-location \" style=\"font-size: 15px\" ><\/i>\t<\/div>\n\t<p class=\"eltdf-il-text\" style=\"color: #808080;font-size: 15px;padding-left: 20px\"> Ro\u0161ki\u0107i 10, 52464 Ka\u0161telir, Croatia<\/p>\n<\/div>[vc_empty_space]\n<div class=\"wpcf7 no-js\" id=\"wpcf7-f10882-o1\" lang=\"en-US\" dir=\"ltr\" data-wpcf7-id=\"10882\">\n<div class=\"screen-reader-response\"><p role=\"status\" aria-live=\"polite\" aria-atomic=\"true\"><\/p> <ul><\/ul><\/div>\n<form action=\"\/en\/wp-json\/wp\/v2\/pages\/10873#wpcf7-f10882-o1\" method=\"post\" class=\"wpcf7-form init\" aria-label=\"Contact form\" novalidate=\"novalidate\" data-status=\"init\">\n<fieldset class=\"hidden-fields-container\"><input type=\"hidden\" name=\"_wpcf7\" value=\"10882\" \/><input type=\"hidden\" name=\"_wpcf7_version\" value=\"6.1.2\" \/><input type=\"hidden\" name=\"_wpcf7_locale\" value=\"en_US\" \/><input type=\"hidden\" name=\"_wpcf7_unit_tag\" value=\"wpcf7-f10882-o1\" \/><input type=\"hidden\" name=\"_wpcf7_container_post\" value=\"0\" \/><input type=\"hidden\" name=\"_wpcf7_posted_data_hash\" value=\"\" \/>\n<\/fieldset>\n<p><label> Your Name (required)<br \/>\n<span class=\"wpcf7-form-control-wrap\" data-name=\"your-name\"><input size=\"40\" maxlength=\"400\" class=\"wpcf7-form-control wpcf7-text wpcf7-validates-as-required\" aria-required=\"true\" aria-invalid=\"false\" value=\"\" type=\"text\" name=\"your-name\" \/><\/span> <\/label>\n<\/p>\n<p><label> Your Email (required)<br \/>\n<span class=\"wpcf7-form-control-wrap\" data-name=\"your-email\"><input size=\"40\" maxlength=\"400\" class=\"wpcf7-form-control wpcf7-email wpcf7-validates-as-required wpcf7-text wpcf7-validates-as-email\" aria-required=\"true\" aria-invalid=\"false\" value=\"\" type=\"email\" name=\"your-email\" \/><\/span> <\/label>\n<\/p>\n<p><label> Subject<br \/>\n<span class=\"wpcf7-form-control-wrap\" data-name=\"your-subject\"><input size=\"40\" maxlength=\"400\" class=\"wpcf7-form-control wpcf7-text wpcf7-validates-as-required\" aria-required=\"true\" aria-invalid=\"false\" value=\"\" type=\"text\" name=\"your-subject\" \/><\/span> <\/label>\n<\/p>\n<p><label> Your Message<br \/>\n<span class=\"wpcf7-form-control-wrap\" data-name=\"your-message\"><textarea cols=\"40\" rows=\"10\" maxlength=\"2000\" class=\"wpcf7-form-control wpcf7-textarea\" aria-invalid=\"false\" name=\"your-message\"><\/textarea><\/span> <\/label>\n<\/p>\n<p><input class=\"wpcf7-form-control wpcf7-submit has-spinner\" type=\"submit\" value=\"Send\" \/>\n<\/p><div class=\"wpcf7-response-output\" aria-hidden=\"true\"><\/div>\n<\/form>\n<\/div>\n\t\t<\/div>\n\t<\/div>\n\t<\/div><\/div><\/div><\/div><div class=\"eltdf-vss-ms-right\"><div class=\"eltdf-vss-ms-section\"  style=\"background-color: #f8f8f8;text-align: left\">\n\t<div class=\"eltdf-elements-holder eltdf-responsive-mode-768\" ><div class=\"eltdf-eh-item \" data-item-class=\"eltdf-eh-custom-264450\" data-1024-1280=\"0px 19% 26px 19%\" data-768-1024=\"19% 21% 0% 21%\" data-600-768=\"15% 20% 0% 20%\" data-480-600=\"25% 5% 0 5%\" data-480=\"19% 5% 5% 5%\" >\n\t<div class=\"eltdf-eh-item-inner\" >\n\t\t<div class=\"eltdf-eh-item-content eltdf-eh-custom-264450\" style=\"padding: 55px 19% 80px 19%\">\n\t\t\t[vc_column_text css=&#8221;.vc_custom_1696452858874{margin-bottom: -25px !important;padding-bottom: 4px !important;}&#8221;]<\/p>\n<h6><span style=\"color: #b1af6a; font-size: 24px;\">Line REGULAR<\/span><\/h6>\n<p>[\/vc_column_text][vc_column_text css=&#8221;.vc_custom_1696438651848{padding-bottom: 6px !important;}&#8221;]<\/p>\n<h3>Malvasia<\/h3>\n<p>[\/vc_column_text][vc_column_text]<\/p>\n<h6><em><span style=\"color: #b1af6a; font-size: 24px;\">The foundation of our production with consistent quality.<\/span><\/em><\/h6>\n<p>[\/vc_column_text][vc_column_text]<\/p>\n<p style=\"font-size: 18px;\">The wine of the sunny expanses of the vineyard, which takes you to the sunlit vineyards with every sip, giving you a feeling of warmth and well-being. It is a variety that is one of the trademarks of Istria, so we have tried for years to create a wine with a recognizable style from our variety. We succeeded, ensuring the consistency of quality through which we emphasize the structure. This wine is mineral and rounded, with delicate aromas of citrus fruits and tropical fruits. It has a long-lasting taste and stays in its &#8220;form&#8221; much longer than the typical fresh Malvasia, and we always highlight it with pride because it is the foundation and seal of our entire production.<\/p>\n<p>[\/vc_column_text][vc_empty_space height=&#8221;25px&#8221;]<a itemprop=\"url\" href=\"https:\/\/cossetto.com.hr\/en\/wine\/malvasia\/\" target=\"_self\"  class=\"eltdf-btn eltdf-btn-medium eltdf-btn-outline\"  >\n    <span class=\"eltdf-btn-text\">ADD TO BASKET<\/span>\n    <\/a>\t\t<\/div>\n\t<\/div>\n\t<\/div><\/div><\/div><div class=\"eltdf-vss-ms-section\" data-header-style=\"light\" style=\"background-image: url(https:\/\/cossetto.com.hr\/wp-content\/uploads\/2020\/08\/Cossetto_brajde-i-ulike-scaled.jpg);text-align: left\">\n\t<\/div><div class=\"eltdf-vss-ms-section\"  style=\"background-color: #f8f8f8;text-align: left\">\n\t<div class=\"eltdf-elements-holder eltdf-responsive-mode-768\" ><div class=\"eltdf-eh-item \" data-item-class=\"eltdf-eh-custom-737388\" data-1280-1600=\"24px 20% 50px 20%\" data-1024-1280=\"0px 20% 22px 20%\" data-768-1024=\"12.5% 21% 0% 21%\" data-600-768=\"20% 20% 0px 20%\" data-480-600=\"29% 5% 0 5%\" data-480=\"20% 5% 0 5%\" >\n\t<div class=\"eltdf-eh-item-inner\" >\n\t\t<div class=\"eltdf-eh-item-content eltdf-eh-custom-737388\" style=\"padding: 25px 18% 50px 21%\">\n\t\t\t[vc_column_text css=&#8221;.vc_custom_1696452879953{margin-bottom: -25px !important;padding-bottom: 6px !important;}&#8221;]<\/p>\n<h6><span style=\"color: #b1af6a; font-size: 24px;\">Regular line &#8211; Malvasia<\/span><\/h6>\n<p>[\/vc_column_text][vc_column_text css=&#8221;.vc_custom_1696438768388{padding-bottom: 4px !important;}&#8221;]<\/p>\n<h3>Aroma<\/h3>\n<p>[\/vc_column_text][vc_empty_space height=&#8221;10px&#8221;][vc_raw_html]JTNDZmlndXJlJTNFJTBBJTNDaW1nJTIwc3JjJTNEJTIyaHR0cHMlM0ElMkYlMkZjb3NzZXR0by5jb20uaHIlMkZ3cC1jb250ZW50JTJGdXBsb2FkcyUyRjIwMjMlMkYwOSUyRnNvbC5wbmclMjIlMjBhbHQlM0QlMjIlMjIlMjB3aWR0aCUzRCUyMjQ1JTIyJTIwaGVpZ2h0JTNEJTIyNDUlMjIlM0UlMEElM0NmaWdjYXB0aW9uJTNFU2FsdCUzQyUyRmZpZ2NhcHRpb24lM0UlMEElM0MlMkZmaWd1cmUlM0UlMEElM0NmaWd1cmUlM0UlM0NpbWclMjBzcmMlM0QlMjJodHRwcyUzQSUyRiUyRmNvc3NldHRvLmNvbS5ociUyRndwLWNvbnRlbnQlMkZ1cGxvYWRzJTJGMjAyMyUyRjA5JTJGYmF6Z2EucG5nJTIyJTIwYWx0JTNEJTIyJTIyJTIwd2lkdGglM0QlMjI0NSUyMiUyMGhlaWdodCUzRCUyMjQ1JTIyJTNFJTBBJTNDZmlnY2FwdGlvbiUzRUVsZGVyYmVycnklM0MlMkZmaWdjYXB0aW9uJTNFJTBBJTNDJTJGZmlndXJlJTNFJTBBJTNDZmlndXJlJTNFJTBBJTNDaW1nJTIwc3JjJTNEJTIyaHR0cHMlM0ElMkYlMkZjb3NzZXR0by5jb20uaHIlMkZ3cC1jb250ZW50JTJGdXBsb2FkcyUyRjIwMjMlMkYwOCUyRmJhZ3JlbS5wbmclMjIlMjBhbHQlM0QlMjIlMjIlMjB3aWR0aCUzRCUyMjQ1JTIyJTIwaGVpZ2h0JTNEJTIyNDUlMjIlM0UlMEElM0NmaWdjYXB0aW9uJTNFQWNhY2lhJTIwZmxvd2VyJTIwJTNDJTJGZmlnY2FwdGlvbiUzRSUwQSUzQyUyRmZpZ3VyZSUzRSUwQSUzQ2ZpZ3VyZSUzRSUwQSUzQ2ltZyUyMHNyYyUzRCUyMmh0dHBzJTNBJTJGJTJGY29zc2V0dG8uY29tLmhyJTJGd3AtY29udGVudCUyRnVwbG9hZHMlMkYyMDIzJTJGMDglMkZncmVqcC5wbmclMjIlMjBhbHQlM0QlMjIlMjIlMjB3aWR0aCUzRCUyMjQ1JTIyJTIwaGVpZ2h0JTNEJTIyNDUlMjIlM0UlMEElM0NmaWdjYXB0aW9uJTNFR3JhcGVmcnVpdCUzQyUyRmZpZ2NhcHRpb24lM0UlMEElM0MlMkZmaWd1cmUlM0U=[\/vc_raw_html][vc_empty_space height=&#8221;10px&#8221;][vc_column_text css=&#8221;.vc_custom_1696452891509{padding-bottom: 5px !important;}&#8221;]<\/p>\n<h3>Tastes<\/h3>\n<p>[\/vc_column_text][vc_empty_space height=&#8221;10px&#8221;][vc_raw_html]JTNDZGl2JTIwY2xhc3MlM0QlMjJ2Y19wcm9ncmVzc19iYXIlMjB3cGJfY29udGVudF9lbGVtZW50JTIwJTIwdmNfcHJvZ3Jlc3MtYmFyLWNvbG9yLWJhciUyMiUzRSUwQSUzQ2RpdiUyMGNsYXNzJTNEJTIydmNfZ2VuZXJhbCUyMHZjX3NpbmdsZV9iYXIlMjIlM0UlM0NzbWFsbCUyMGNsYXNzJTNEJTIydmNfbGFiZWwlMjIlM0VEcnklMjAlMjAlMjAlMjAlMjAlMjAlMjAlMjAlMjAlMjA5JTNDJTJGc21hbGwlM0UlM0NzcGFuJTIwY2xhc3MlM0QlMjJ2Y19iYXIlMjAlMjIlMjBkYXRhLXBlcmNlbnRhZ2UtdmFsdWUlM0QlMjI5MCUyMiUyMGRhdGEtdmFsdWUlM0QlMjI5MCUyMiUyMHN0eWxlJTNEJTIyd2lkdGglM0ElMjA5MCUyNSUzQiUyMiUzRSUzQyUyRnNwYW4lM0UlM0MlMkZkaXYlM0UlMEElM0NkaXYlMjBjbGFzcyUzRCUyMnZjX2dlbmVyYWwlMjB2Y19zaW5nbGVfYmFyJTIyJTNFJTNDc21hbGwlMjBjbGFzcyUzRCUyMnZjX2xhYmVsJTIyJTNFTWluZXJhbCUyMCUyMCUyMCUyMCUyMCUyMCUyMCUyMDclM0MlMkZzbWFsbCUzRSUzQ3NwYW4lMjBjbGFzcyUzRCUyMnZjX2JhciUyMCUyMiUyMGRhdGEtcGVyY2VudGFnZS12YWx1ZSUzRCUyMjcwJTIyJTIwZGF0YS12YWx1ZSUzRCUyMjcwJTIyJTIwc3R5bGUlM0QlMjJ3aWR0aCUzQSUyMDcwJTI1JTNCJTIyJTNFJTNDJTJGc3BhbiUzRSUzQyUyRmRpdiUzRSUwQSUzQ2RpdiUyMGNsYXNzJTNEJTIydmNfZ2VuZXJhbCUyMHZjX3NpbmdsZV9iYXIlMjIlM0UlM0NzbWFsbCUyMGNsYXNzJTNEJTIydmNfbGFiZWwlMjIlM0VCb2R5JTIwJTIwJTIwJTIwJTIwJTIwJTIwJTIwJTIwOCUzQyUyRnNtYWxsJTNFJTNDc3BhbiUyMGNsYXNzJTNEJTIydmNfYmFyJTIwJTIyJTIwZGF0YS1wZXJjZW50YWdlLXZhbHVlJTNEJTIyODAlMjIlMjBkYXRhLXZhbHVlJTNEJTIyODAlMjIlMjBzdHlsZSUzRCUyMndpZHRoJTNBJTIwODAlMjUlM0IlMjIlM0UlM0MlMkZzcGFuJTNFJTNDJTJGZGl2JTNFJTBBJTNDZGl2JTIwY2xhc3MlM0QlMjJ2Y19nZW5lcmFsJTIwdmNfc2luZ2xlX2JhciUyMiUzRSUzQ3NtYWxsJTIwY2xhc3MlM0QlMjJ2Y19sYWJlbCUyMiUzRUFjaWRpdHklMjAlMjAlMjAlMjAlMjAlMjAlMjAlMjAlMjAlMjA2JTNDJTJGc21hbGwlM0UlM0NzcGFuJTIwY2xhc3MlM0QlMjJ2Y19iYXIlMjAlMjIlMjBkYXRhLXBlcmNlbnRhZ2UtdmFsdWUlM0QlMjI2MCUyMiUyMGRhdGEtdmFsdWUlM0QlMjI2MCUyMiUyMHN0eWxlJTNEJTIyd2lkdGglM0ElMjA2MCUyNSUzQiUyMiUzRSUzQyUyRnNwYW4lM0UlM0MlMkZkaXYlM0UlMEElM0MlMkZkaXYlM0U=[\/vc_raw_html][vc_empty_space height=&#8221;27px&#8221;]\t\t<\/div>\n\t<\/div>\n\t<\/div><\/div><\/div><div class=\"eltdf-vss-ms-section\" data-header-style=\"light\" style=\"background-image: url(https:\/\/cossetto.com.hr\/wp-content\/uploads\/2020\/08\/Cossetto2019_147-scaled.jpg);text-align: left\">\n\t<\/div><\/div><\/div>[\/vc_column][\/vc_row]<\/p>\n","protected":false},"excerpt":{"rendered":"<p>[vc_row][vc_column][\/vc_column][\/vc_row]<\/p>\n","protected":false},"author":1,"featured_media":0,"parent":0,"menu_order":0,"comment_status":"closed","ping_status":"closed","template":"full-width.php","meta":{"_monsterinsights_skip_tracking":false,"_monsterinsights_sitenote_active":false,"_monsterinsights_sitenote_note":"","_monsterinsights_sitenote_category":0,"footnotes":""},"class_list":["post-10873","page","type-page","status-publish","hentry"],"_links":{"self":[{"href":"https:\/\/cossetto.com.hr\/en\/wp-json\/wp\/v2\/pages\/10873","targetHints":{"allow":["GET"]}}],"collection":[{"href":"https:\/\/cossetto.com.hr\/en\/wp-json\/wp\/v2\/pages"}],"about":[{"href":"https:\/\/cossetto.com.hr\/en\/wp-json\/wp\/v2\/types\/page"}],"author":[{"embeddable":true,"href":"https:\/\/cossetto.com.hr\/en\/wp-json\/wp\/v2\/users\/1"}],"replies":[{"embeddable":true,"href":"https:\/\/cossetto.com.hr\/en\/wp-json\/wp\/v2\/comments?post=10873"}],"version-history":[{"count":29,"href":"https:\/\/cossetto.com.hr\/en\/wp-json\/wp\/v2\/pages\/10873\/revisions"}],"predecessor-version":[{"id":12521,"href":"https:\/\/cossetto.com.hr\/en\/wp-json\/wp\/v2\/pages\/10873\/revisions\/12521"}],"wp:attachment":[{"href":"https:\/\/cossetto.com.hr\/en\/wp-json\/wp\/v2\/media?parent=10873"}],"curies":[{"name":"wp","href":"https:\/\/api.w.org\/{rel}","templated":true}]}}