{"id":10899,"date":"2020-08-26T00:22:45","date_gmt":"2020-08-25T22:22:45","guid":{"rendered":"https:\/\/cossetto.com.hr\/?page_id=10899"},"modified":"2021-02-07T19:21:16","modified_gmt":"2021-02-07T17:21:16","slug":"chardonnay-sur-lie","status":"publish","type":"page","link":"https:\/\/cossetto.com.hr\/en\/chardonnay-sur-lie\/","title":{"rendered":"Chardonnay Sur-lie"},"content":{"rendered":"<p>[vc_row][vc_column]<div class=\"eltdf-vertical-split-slider\"><div class=\"eltdf-vss-ms-left\"><div class=\"eltdf-vss-ms-section\"  style=\"background-image: url(https:\/\/cossetto.com.hr\/wp-content\/uploads\/2020\/09\/Cossetto_premium_Chardonnay-scaled.jpg);text-align: left\">\n\t<\/div><div class=\"eltdf-vss-ms-section\" data-header-style=\"light\" style=\"background-color: #f8f8f8;text-align: left\">\n\t<div class=\"eltdf-elements-holder eltdf-responsive-mode-768\" ><div class=\"eltdf-eh-item \" data-item-class=\"eltdf-eh-custom-263258\" data-1280-1600=\"24px 20% 50px 20%\" data-1024-1280=\"0px 20% 22px 20%\" data-768-1024=\"12.5% 21% 0% 21%\" data-600-768=\"41% 20% 0%20%\" data-480-600=\"29% 5% 0px 5%\" data-480=\"29% 5% 0px 5%\" >\n\t<div class=\"eltdf-eh-item-inner\" >\n\t\t<div class=\"eltdf-eh-item-content eltdf-eh-custom-263258\" style=\"padding: 25px 20% 50px 20%\">\n\t\t\t[vc_column_text css=&#8221;.vc_custom_1600085528525{margin-bottom: -25px !important;padding-bottom: 6px !important;}&#8221;]<\/p>\n<h6><span style=\"color: #b1af6a; font-size: 24px;\">Premium line &#8211; Chardonnay Sur-lie<\/span><\/h6>\n<p>[\/vc_column_text][vc_column_text css=&#8221;.vc_custom_1598391241366{padding-bottom: 4px !important;}&#8221;]<\/p>\n<h3>Characteristics<\/h3>\n<p>[\/vc_column_text]<div class=\"eltdf-iwt clearfix eltdf-iwt-icon-left eltdf-iwt-icon-small\">\n    <div class=\"eltdf-iwt-icon\">\n                                        <span class=\"eltdf-icon-shortcode eltdf-normal eltdf-icon-small\"  data-color=\"#64384d\">\n                    <i class=\"eltd-icon-dripicons dripicon dripicon-location eltdf-icon-element\" style=\"color: #64384d\" ><\/i>            <\/span>\n                        <\/div>\n    <div class=\"eltdf-iwt-content\" >\n\t    \t\t            <p class=\"eltdf-iwt-text\" >Region: Istria<\/p>\n\t\t    <\/div>\n<\/div>[vc_empty_space height=&#8221;10px&#8221;]<div class=\"eltdf-iwt clearfix eltdf-iwt-icon-left eltdf-iwt-icon-medium\">\n    <div class=\"eltdf-iwt-icon\">\n                                    <img loading=\"lazy\" decoding=\"async\" width=\"30\" height=\"37\" src=\"https:\/\/cossetto.com.hr\/wp-content\/uploads\/2017\/03\/custom-icon-7.png\" class=\"attachment-full size-full\" alt=\"a\" \/>                        <\/div>\n    <div class=\"eltdf-iwt-content\" >\n\t    \t\t            <p class=\"eltdf-iwt-text\" >Variety: Chardonnay<\/p>\n\t\t    <\/div>\n<\/div>[vc_empty_space height=&#8221;10px&#8221;]<div class=\"eltdf-iwt clearfix eltdf-iwt-icon-left eltdf-iwt-icon-medium\">\n    <div class=\"eltdf-iwt-icon\">\n                                    <img loading=\"lazy\" decoding=\"async\" width=\"18\" height=\"37\" src=\"https:\/\/cossetto.com.hr\/wp-content\/uploads\/2017\/03\/custom-icon-9.png\" class=\"attachment-full size-full\" alt=\"a\" \/>                        <\/div>\n    <div class=\"eltdf-iwt-content\" >\n\t    \t\t            <p class=\"eltdf-iwt-text\" >Serving temperature: 12\u00b0C<\/p>\n\t\t    <\/div>\n<\/div>[vc_empty_space height=&#8221;10px&#8221;]<div class=\"eltdf-iwt clearfix eltdf-iwt-icon-left eltdf-iwt-icon-medium\">\n    <div class=\"eltdf-iwt-icon\">\n                                    <img loading=\"lazy\" decoding=\"async\" width=\"26\" height=\"37\" src=\"https:\/\/cossetto.com.hr\/wp-content\/uploads\/2017\/03\/custom-icon-6.png\" class=\"attachment-full size-full\" alt=\"a\" \/>                        <\/div>\n    <div class=\"eltdf-iwt-content\" >\n\t    \t\t            <p class=\"eltdf-iwt-text\" >Alcohol: 13,5%<\/p>\n\t\t    <\/div>\n<\/div>[vc_empty_space height=&#8221;10px&#8221;]<div class=\"eltdf-iwt clearfix eltdf-iwt-icon-left eltdf-iwt-icon-medium\">\n    <div class=\"eltdf-iwt-icon\">\n                                    <img loading=\"lazy\" decoding=\"async\" width=\"28\" height=\"37\" src=\"https:\/\/cossetto.com.hr\/wp-content\/uploads\/2017\/03\/custom-icon-8.png\" class=\"attachment-full size-full\" alt=\"a\" \/>                        <\/div>\n    <div class=\"eltdf-iwt-content\" >\n\t    \t\t            <p class=\"eltdf-iwt-text\" >Bottle size: 0,75L<\/p>\n\t\t    <\/div>\n<\/div>[vc_empty_space height=&#8221;10px&#8221;]\t\t<\/div>\n\t<\/div>\n\t<\/div><\/div><\/div><div class=\"eltdf-vss-ms-section\"  style=\"background-image: url(https:\/\/cossetto.com.hr\/wp-content\/uploads\/2020\/08\/Cossetto-chardonnay-premium_arran-scaled.jpg);text-align: left\">\n\t<\/div><div class=\"eltdf-vss-ms-section\" data-header-style=\"light\" style=\"background-color: #f8f8f8;text-align: left\">\n\t<div class=\"eltdf-elements-holder eltdf-responsive-mode-768\" ><div class=\"eltdf-eh-item \" data-item-class=\"eltdf-eh-custom-611824\" data-1280-1600=\"0px 15% 30px 15%\" data-1024-1280=\"20px 15% 0px 15%\" data-768-1024=\"4% 11% 0% 11%\" data-600-768=\"26% 11% 0% 11%\" data-480=\"2% 4% 5% 4%\" >\n\t<div class=\"eltdf-eh-item-inner\" >\n\t\t<div class=\"eltdf-eh-item-content eltdf-eh-custom-611824\" style=\"padding: 0 20% 30px 20%\">\n\t\t\t[vc_column_text]<\/p>\n<h3>CONTACT US<\/h3>\n<p>[\/vc_column_text][vc_empty_space height=&#8221;20px&#8221;]<div class=\"eltdf-icon-list-holder\" style=\"margin-bottom: 0px\">\n\t<div class=\"eltdf-il-icon-holder\">\n\t\t<i class=\"eltd-icon-dripicons dripicon dripicon-location \" style=\"font-size: 15px\" ><\/i>\t<\/div>\n\t<p class=\"eltdf-il-text\" style=\"color: #808080;font-size: 15px;padding-left: 20px\"> Ro\u0161ki\u0107i 10, 52464 Ka\u0161telir, Croatia<\/p>\n<\/div>[vc_empty_space]\n<div class=\"wpcf7 no-js\" id=\"wpcf7-f10882-o1\" lang=\"en-US\" dir=\"ltr\" data-wpcf7-id=\"10882\">\n<div class=\"screen-reader-response\"><p role=\"status\" aria-live=\"polite\" aria-atomic=\"true\"><\/p> <ul><\/ul><\/div>\n<form action=\"\/en\/wp-json\/wp\/v2\/pages\/10899#wpcf7-f10882-o1\" method=\"post\" class=\"wpcf7-form init\" aria-label=\"Contact form\" novalidate=\"novalidate\" data-status=\"init\">\n<fieldset class=\"hidden-fields-container\"><input type=\"hidden\" name=\"_wpcf7\" value=\"10882\" \/><input type=\"hidden\" name=\"_wpcf7_version\" value=\"6.1.2\" \/><input type=\"hidden\" name=\"_wpcf7_locale\" value=\"en_US\" \/><input type=\"hidden\" name=\"_wpcf7_unit_tag\" value=\"wpcf7-f10882-o1\" \/><input type=\"hidden\" name=\"_wpcf7_container_post\" value=\"0\" \/><input type=\"hidden\" name=\"_wpcf7_posted_data_hash\" value=\"\" \/>\n<\/fieldset>\n<p><label> Your Name (required)<br \/>\n<span class=\"wpcf7-form-control-wrap\" data-name=\"your-name\"><input size=\"40\" maxlength=\"400\" class=\"wpcf7-form-control wpcf7-text wpcf7-validates-as-required\" aria-required=\"true\" aria-invalid=\"false\" value=\"\" type=\"text\" name=\"your-name\" \/><\/span> <\/label>\n<\/p>\n<p><label> Your Email (required)<br \/>\n<span class=\"wpcf7-form-control-wrap\" data-name=\"your-email\"><input size=\"40\" maxlength=\"400\" class=\"wpcf7-form-control wpcf7-email wpcf7-validates-as-required wpcf7-text wpcf7-validates-as-email\" aria-required=\"true\" aria-invalid=\"false\" value=\"\" type=\"email\" name=\"your-email\" \/><\/span> <\/label>\n<\/p>\n<p><label> Subject<br \/>\n<span class=\"wpcf7-form-control-wrap\" data-name=\"your-subject\"><input size=\"40\" maxlength=\"400\" class=\"wpcf7-form-control wpcf7-text wpcf7-validates-as-required\" aria-required=\"true\" aria-invalid=\"false\" value=\"\" type=\"text\" name=\"your-subject\" \/><\/span> <\/label>\n<\/p>\n<p><label> Your Message<br \/>\n<span class=\"wpcf7-form-control-wrap\" data-name=\"your-message\"><textarea cols=\"40\" rows=\"10\" maxlength=\"2000\" class=\"wpcf7-form-control wpcf7-textarea\" aria-invalid=\"false\" name=\"your-message\"><\/textarea><\/span> <\/label>\n<\/p>\n<p><input class=\"wpcf7-form-control wpcf7-submit has-spinner\" type=\"submit\" value=\"Send\" \/>\n<\/p><div class=\"wpcf7-response-output\" aria-hidden=\"true\"><\/div>\n<\/form>\n<\/div>\n\t\t<\/div>\n\t<\/div>\n\t<\/div><\/div><\/div><\/div><div class=\"eltdf-vss-ms-right\"><div class=\"eltdf-vss-ms-section\"  style=\"background-color: #f8f8f8;text-align: left\">\n\t<div class=\"eltdf-elements-holder eltdf-responsive-mode-768\" ><div class=\"eltdf-eh-item \" data-item-class=\"eltdf-eh-custom-424166\" data-1024-1280=\"0px 19% 26px 19%\" data-768-1024=\"19% 21% 0% 21%\" data-600-768=\"41% 20% 0% 20%\" data-480-600=\"31% 5% 0 5%\" data-480=\"31% 5% 0 5%\" >\n\t<div class=\"eltdf-eh-item-inner\" >\n\t\t<div class=\"eltdf-eh-item-content eltdf-eh-custom-424166\" style=\"padding: 55px 19% 80px 19%\">\n\t\t\t[vc_column_text css=&#8221;.vc_custom_1600083964128{margin-bottom: -25px !important;padding-bottom: 4px !important;}&#8221;]<\/p>\n<h6><span style=\"color: #b1af6a; font-size: 24px;\">Premium line<\/span><\/h6>\n<p>[\/vc_column_text][vc_column_text css=&#8221;.vc_custom_1600085641361{padding-bottom: 6px !important;}&#8221;]<\/p>\n<h3>Chardonnay Sur-lie<\/h3>\n<p>[\/vc_column_text][vc_column_text]<\/p>\n<p style=\"font-size: 18px;\">This Chardonnay is aged in wooden barrels with the so-called sur lie technology. It\u2019s an old concept that originated in Burgundy and it is mainly done for white wines, to enrich them. The aroma of this Chardonnay is dominated by the smell of hazelnuts, honey and buttery notes. The taste is rich and slightly spicy.<\/p>\n<p>[\/vc_column_text][vc_empty_space height=&#8221;25px&#8221;]<a itemprop=\"url\" href=\"https:\/\/cossetto.com.hr\/en\/wine\/chardonnay-sur-lie\/\" target=\"_self\"  class=\"eltdf-btn eltdf-btn-medium eltdf-btn-outline\"  >\n    <span class=\"eltdf-btn-text\">ADD TO CART<\/span>\n    <\/a>\t\t<\/div>\n\t<\/div>\n\t<\/div><\/div><\/div><div class=\"eltdf-vss-ms-section\" data-header-style=\"light\" style=\"background-image: url(https:\/\/cossetto.com.hr\/wp-content\/uploads\/2020\/08\/Cossetto_brajde-i-ulike-scaled.jpg);text-align: left\">\n\t<\/div><div class=\"eltdf-vss-ms-section\"  style=\"background-color: #f8f8f8;text-align: left\">\n\t<div class=\"eltdf-elements-holder eltdf-responsive-mode-768\" ><div class=\"eltdf-eh-item \" data-item-class=\"eltdf-eh-custom-212849\" data-1280-1600=\"0px 20% 28px 20%\" data-1024-1280=\"0px 20% 20px 20%\" data-768-1024=\"19% 20% 0px 20%\" data-600-768=\"39% 20% 0px 20%\" data-480-600=\"16% 5% 0 5%\" data-480=\"16% 5% 0 5%\" >\n\t<div class=\"eltdf-eh-item-inner\" >\n\t\t<div class=\"eltdf-eh-item-content eltdf-eh-custom-212849\" style=\"padding: 25px 18% 50px 21%\">\n\t\t\t[vc_column_text css=&#8221;.vc_custom_1598569252449{margin-bottom: -25px !important;}&#8221;]<\/p>\n<h6><span style=\"color: #b1af6a; font-size: 24px;\">Tasting notes<\/span><\/h6>\n<p>[\/vc_column_text][vc_empty_space height=&#8221;6px&#8221;][vc_column_text css=&#8221;.vc_custom_1600083451389{padding-bottom: 5px !important;}&#8221;]<\/p>\n<h3>Food and wine pairing<\/h3>\n<p>[\/vc_column_text][vc_column_text]<\/p>\n<p style=\"font-size: 18px;\">This Chardonnay goes perfectly with almost any type of pasta and risotto, as well as with matured cheeses and desserts.<\/p>\n<p>[\/vc_column_text][vc_empty_space height=&#8221;27px&#8221;]\t\t<\/div>\n\t<\/div>\n\t<\/div><\/div><\/div><div class=\"eltdf-vss-ms-section\" data-header-style=\"light\" style=\"background-image: url(https:\/\/cossetto.com.hr\/wp-content\/uploads\/2020\/08\/Cossetto2019_147-scaled.jpg);text-align: left\">\n\t<\/div><\/div><\/div>[\/vc_column][\/vc_row]<\/p>\n","protected":false},"excerpt":{"rendered":"<p>[vc_row][vc_column][\/vc_column][\/vc_row]<\/p>\n","protected":false},"author":1,"featured_media":0,"parent":0,"menu_order":0,"comment_status":"closed","ping_status":"closed","template":"full-width.php","meta":{"_monsterinsights_skip_tracking":false,"_monsterinsights_sitenote_active":false,"_monsterinsights_sitenote_note":"","_monsterinsights_sitenote_category":0,"footnotes":""},"class_list":["post-10899","page","type-page","status-publish","hentry"],"_links":{"self":[{"href":"https:\/\/cossetto.com.hr\/en\/wp-json\/wp\/v2\/pages\/10899","targetHints":{"allow":["GET"]}}],"collection":[{"href":"https:\/\/cossetto.com.hr\/en\/wp-json\/wp\/v2\/pages"}],"about":[{"href":"https:\/\/cossetto.com.hr\/en\/wp-json\/wp\/v2\/types\/page"}],"author":[{"embeddable":true,"href":"https:\/\/cossetto.com.hr\/en\/wp-json\/wp\/v2\/users\/1"}],"replies":[{"embeddable":true,"href":"https:\/\/cossetto.com.hr\/en\/wp-json\/wp\/v2\/comments?post=10899"}],"version-history":[{"count":7,"href":"https:\/\/cossetto.com.hr\/en\/wp-json\/wp\/v2\/pages\/10899\/revisions"}],"predecessor-version":[{"id":11802,"href":"https:\/\/cossetto.com.hr\/en\/wp-json\/wp\/v2\/pages\/10899\/revisions\/11802"}],"wp:attachment":[{"href":"https:\/\/cossetto.com.hr\/en\/wp-json\/wp\/v2\/media?parent=10899"}],"curies":[{"name":"wp","href":"https:\/\/api.w.org\/{rel}","templated":true}]}}