{"id":10912,"date":"2020-08-26T00:27:15","date_gmt":"2020-08-25T22:27:15","guid":{"rendered":"https:\/\/cossetto.com.hr\/?page_id=10912"},"modified":"2023-10-04T22:15:09","modified_gmt":"2023-10-04T21:15:09","slug":"chardonnay","status":"publish","type":"page","link":"https:\/\/cossetto.com.hr\/en\/chardonnay\/","title":{"rendered":"Chardonnay"},"content":{"rendered":"<p>[vc_row][vc_column]<div class=\"eltdf-vertical-split-slider\"><div class=\"eltdf-vss-ms-left\"><div class=\"eltdf-vss-ms-section\"  style=\"background-image: url(https:\/\/cossetto.com.hr\/wp-content\/uploads\/2023\/09\/Chardonnay.jpg);text-align: left\">\n\t<\/div><div class=\"eltdf-vss-ms-section\" data-header-style=\"light\" style=\"background-color: #f8f8f8;text-align: left\">\n\t<div class=\"eltdf-elements-holder eltdf-responsive-mode-768\" ><div class=\"eltdf-eh-item \" data-item-class=\"eltdf-eh-custom-466563\" data-1280-1600=\"24px 20% 50px 20%\" data-1024-1280=\"0px 20% 22px 20%\" data-768-1024=\"12.5% 21% 0% 21%\" data-600-768=\"20% 20% 0%20%\" data-480-600=\"29% 5% 0px 5%\" data-480=\"40% 5% 0px 5%\" >\n\t<div class=\"eltdf-eh-item-inner\" >\n\t\t<div class=\"eltdf-eh-item-content eltdf-eh-custom-466563\" style=\"padding: 25px 20% 50px 20%\">\n\t\t\t[vc_column_text css=&#8221;.vc_custom_1696451923099{margin-bottom: -25px !important;padding-bottom: 6px !important;}&#8221;]<\/p>\n<h6><span style=\"color: #b1af6a; font-size: 24px;\">Premium line \u2013 Chardonnay<\/span><\/h6>\n<p>[\/vc_column_text][vc_column_text css=&#8221;.vc_custom_1696451944958{padding-bottom: 4px !important;}&#8221;]<\/p>\n<h3>CHARACTERISTICS<\/h3>\n<p>[\/vc_column_text]<div class=\"eltdf-iwt clearfix eltdf-iwt-icon-left eltdf-iwt-icon-small\">\n    <div class=\"eltdf-iwt-icon\">\n                                        <span class=\"eltdf-icon-shortcode eltdf-normal eltdf-icon-small\"  data-color=\"#64384d\">\n                    <i class=\"eltd-icon-dripicons dripicon dripicon-location eltdf-icon-element\" style=\"color: #64384d\" ><\/i>            <\/span>\n                        <\/div>\n    <div class=\"eltdf-iwt-content\" >\n\t    \t\t            <p class=\"eltdf-iwt-text\" >Region: Istria<\/p>\n\t\t    <\/div>\n<\/div>[vc_empty_space height=&#8221;10px&#8221;]<div class=\"eltdf-iwt clearfix eltdf-iwt-icon-left eltdf-iwt-icon-medium\">\n    <div class=\"eltdf-iwt-icon\">\n                                    <img loading=\"lazy\" decoding=\"async\" width=\"30\" height=\"37\" src=\"https:\/\/cossetto.com.hr\/wp-content\/uploads\/2017\/03\/custom-icon-7.png\" class=\"attachment-full size-full\" alt=\"a\" \/>                        <\/div>\n    <div class=\"eltdf-iwt-content\" >\n\t    \t\t            <p class=\"eltdf-iwt-text\" >Variety: Chardonnay<\/p>\n\t\t    <\/div>\n<\/div>[vc_empty_space height=&#8221;10px&#8221;]<div class=\"eltdf-iwt clearfix eltdf-iwt-icon-left eltdf-iwt-icon-medium\">\n    <div class=\"eltdf-iwt-icon\">\n                                    <img loading=\"lazy\" decoding=\"async\" width=\"18\" height=\"37\" src=\"https:\/\/cossetto.com.hr\/wp-content\/uploads\/2017\/03\/custom-icon-9.png\" class=\"attachment-full size-full\" alt=\"a\" \/>                        <\/div>\n    <div class=\"eltdf-iwt-content\" >\n\t    \t\t            <p class=\"eltdf-iwt-text\" >Serving temperature: 15\u00b0C<\/p>\n\t\t    <\/div>\n<\/div>[vc_empty_space height=&#8221;10px&#8221;]<div class=\"eltdf-iwt clearfix eltdf-iwt-icon-left eltdf-iwt-icon-medium\">\n    <div class=\"eltdf-iwt-icon\">\n                                    <img loading=\"lazy\" decoding=\"async\" width=\"26\" height=\"37\" src=\"https:\/\/cossetto.com.hr\/wp-content\/uploads\/2017\/03\/custom-icon-6.png\" class=\"attachment-full size-full\" alt=\"a\" \/>                        <\/div>\n    <div class=\"eltdf-iwt-content\" >\n\t    \t\t            <p class=\"eltdf-iwt-text\" >Alcohol: 13%<\/p>\n\t\t    <\/div>\n<\/div>[vc_empty_space height=&#8221;10px&#8221;]<div class=\"eltdf-iwt clearfix eltdf-iwt-icon-left eltdf-iwt-icon-medium\">\n    <div class=\"eltdf-iwt-icon\">\n                                    <img loading=\"lazy\" decoding=\"async\" width=\"28\" height=\"37\" src=\"https:\/\/cossetto.com.hr\/wp-content\/uploads\/2017\/03\/custom-icon-8.png\" class=\"attachment-full size-full\" alt=\"a\" \/>                        <\/div>\n    <div class=\"eltdf-iwt-content\" >\n\t    \t\t            <p class=\"eltdf-iwt-text\" >Content: 0,75L<\/p>\n\t\t    <\/div>\n<\/div>[vc_empty_space height=&#8221;10px&#8221;]\t\t<\/div>\n\t<\/div>\n\t<\/div><\/div><\/div><div class=\"eltdf-vss-ms-section\"  style=\"background-image: url(https:\/\/cossetto.com.hr\/wp-content\/uploads\/2023\/09\/Chardonnay_Art_08.jpg);text-align: center\">\n\t<\/div><div class=\"eltdf-vss-ms-section\" data-header-style=\"light\" style=\"background-color: #f8f8f8;text-align: left\">\n\t<div class=\"eltdf-elements-holder eltdf-responsive-mode-768\" ><div class=\"eltdf-eh-item \" data-item-class=\"eltdf-eh-custom-941496\" data-1280-1600=\"0px 15% 30px 15%\" data-1024-1280=\"20px 15% 0px 15%\" data-768-1024=\"4% 11% 0% 11%\" data-600-768=\"15% 11% 0% 11%\" data-480-600=\"15% 2% 0% 0%\" data-480=\"2% 4% 5% 4%\" >\n\t<div class=\"eltdf-eh-item-inner\" >\n\t\t<div class=\"eltdf-eh-item-content eltdf-eh-custom-941496\" style=\"padding: 0 20% 30px 20%\">\n\t\t\t[vc_column_text]<\/p>\n<h3>CONTACT US<\/h3>\n<p>[\/vc_column_text][vc_empty_space height=&#8221;20px&#8221;]<div class=\"eltdf-icon-list-holder\" style=\"margin-bottom: 0px\">\n\t<div class=\"eltdf-il-icon-holder\">\n\t\t<i class=\"eltd-icon-dripicons dripicon dripicon-location \" style=\"font-size: 15px\" ><\/i>\t<\/div>\n\t<p class=\"eltdf-il-text\" style=\"color: #808080;font-size: 15px;padding-left: 20px\"> Ro\u0161ki\u0107i 10, 52464 Ka\u0161telir, Croatia<\/p>\n<\/div>[vc_empty_space]\n<div class=\"wpcf7 no-js\" id=\"wpcf7-f10882-o1\" lang=\"en-US\" dir=\"ltr\" data-wpcf7-id=\"10882\">\n<div class=\"screen-reader-response\"><p role=\"status\" aria-live=\"polite\" aria-atomic=\"true\"><\/p> <ul><\/ul><\/div>\n<form action=\"\/en\/wp-json\/wp\/v2\/pages\/10912#wpcf7-f10882-o1\" method=\"post\" class=\"wpcf7-form init\" aria-label=\"Contact form\" novalidate=\"novalidate\" data-status=\"init\">\n<fieldset class=\"hidden-fields-container\"><input type=\"hidden\" name=\"_wpcf7\" value=\"10882\" \/><input type=\"hidden\" name=\"_wpcf7_version\" value=\"6.1.2\" \/><input type=\"hidden\" name=\"_wpcf7_locale\" value=\"en_US\" \/><input type=\"hidden\" name=\"_wpcf7_unit_tag\" value=\"wpcf7-f10882-o1\" \/><input type=\"hidden\" name=\"_wpcf7_container_post\" value=\"0\" \/><input type=\"hidden\" name=\"_wpcf7_posted_data_hash\" value=\"\" \/>\n<\/fieldset>\n<p><label> Your Name (required)<br \/>\n<span class=\"wpcf7-form-control-wrap\" data-name=\"your-name\"><input size=\"40\" maxlength=\"400\" class=\"wpcf7-form-control wpcf7-text wpcf7-validates-as-required\" aria-required=\"true\" aria-invalid=\"false\" value=\"\" type=\"text\" name=\"your-name\" \/><\/span> <\/label>\n<\/p>\n<p><label> Your Email (required)<br \/>\n<span class=\"wpcf7-form-control-wrap\" data-name=\"your-email\"><input size=\"40\" maxlength=\"400\" class=\"wpcf7-form-control wpcf7-email wpcf7-validates-as-required wpcf7-text wpcf7-validates-as-email\" aria-required=\"true\" aria-invalid=\"false\" value=\"\" type=\"email\" name=\"your-email\" \/><\/span> <\/label>\n<\/p>\n<p><label> Subject<br \/>\n<span class=\"wpcf7-form-control-wrap\" data-name=\"your-subject\"><input size=\"40\" maxlength=\"400\" class=\"wpcf7-form-control wpcf7-text wpcf7-validates-as-required\" aria-required=\"true\" aria-invalid=\"false\" value=\"\" type=\"text\" name=\"your-subject\" \/><\/span> <\/label>\n<\/p>\n<p><label> Your Message<br \/>\n<span class=\"wpcf7-form-control-wrap\" data-name=\"your-message\"><textarea cols=\"40\" rows=\"10\" maxlength=\"2000\" class=\"wpcf7-form-control wpcf7-textarea\" aria-invalid=\"false\" name=\"your-message\"><\/textarea><\/span> <\/label>\n<\/p>\n<p><input class=\"wpcf7-form-control wpcf7-submit has-spinner\" type=\"submit\" value=\"Send\" \/>\n<\/p><div class=\"wpcf7-response-output\" aria-hidden=\"true\"><\/div>\n<\/form>\n<\/div>\n\t\t<\/div>\n\t<\/div>\n\t<\/div><\/div><\/div><\/div><div class=\"eltdf-vss-ms-right\"><div class=\"eltdf-vss-ms-section\"  style=\"background-color: #f8f8f8;text-align: left\">\n\t<div class=\"eltdf-elements-holder eltdf-responsive-mode-768\" ><div class=\"eltdf-eh-item \" data-item-class=\"eltdf-eh-custom-697885\" data-1024-1280=\"0px 19% 26px 19%\" data-768-1024=\"19% 21% 0% 21%\" data-600-768=\"15% 20% 0% 20%\" data-480-600=\"25% 5% 0 5%\" data-480=\"19% 5% 0 5%\" >\n\t<div class=\"eltdf-eh-item-inner\" >\n\t\t<div class=\"eltdf-eh-item-content eltdf-eh-custom-697885\" style=\"padding: 55px 19% 80px 19%\">\n\t\t\t[vc_column_text css=&#8221;.vc_custom_1696454089574{margin-bottom: -25px !important;padding-bottom: 4px !important;}&#8221;]<\/p>\n<h6><span style=\"color: #b1af6a; font-size: 24px;\">Line PREMIUM<\/span><\/h6>\n<p>[\/vc_column_text][vc_column_text css=&#8221;.vc_custom_1598614797488{padding-bottom: 6px !important;}&#8221;]<\/p>\n<h3>Chardonnay<\/h3>\n<p>[\/vc_column_text][vc_column_text]<\/p>\n<h6><span style=\"color: #b1af6a; font-size: 22px; font-style: italic;\">A gourmet delight for aficionados of rich flavours.<\/span><\/h6>\n<p>[\/vc_column_text][vc_column_text]<\/p>\n<p style=\"font-size: 18px;\">A full, creamy wine with rich TASTES and textures. Of high quality, created by the method of care on yeasts in wooden barrels, the so-called sur lie method. We transfer the must to wooden barrels and leave it in them until the fermentation process has passed, followed by aging for one year in the same barrels. This method initially requires mixing the yeasts on a weekly basis. Over time, this procedure is performed less often, and with it, with intensive mixing of the sediment, a wine with a rich taste and top quality is obtained. The aromas of butter, crusty bread, toasted hazelnuts and croissants are predominant in it, and the taste is balanced and long-lasting.<\/p>\n<p>[\/vc_column_text][vc_empty_space height=&#8221;25px&#8221;]<a itemprop=\"url\" href=\"https:\/\/cossetto.com.hr\/en\/wine\/chardonnay\/\" target=\"_self\"  class=\"eltdf-btn eltdf-btn-medium eltdf-btn-outline\"  >\n    <span class=\"eltdf-btn-text\">ADD TO BASKET<\/span>\n    <\/a>\t\t<\/div>\n\t<\/div>\n\t<\/div><\/div><\/div><div class=\"eltdf-vss-ms-section\" data-header-style=\"light\" style=\"background-image: url(https:\/\/cossetto.com.hr\/wp-content\/uploads\/2020\/08\/Cossetto_brajde-i-ulike-scaled.jpg);text-align: left\">\n\t<\/div><div class=\"eltdf-vss-ms-section\"  style=\"background-color: #f8f8f8;text-align: left\">\n\t<div class=\"eltdf-elements-holder eltdf-responsive-mode-768\" ><div class=\"eltdf-eh-item \" data-item-class=\"eltdf-eh-custom-250043\" data-1280-1600=\"24px 20% 50px 20%\" data-1024-1280=\"0px 20% 22px 20%\" data-768-1024=\"12.5% 21% 0% 21%\" data-600-768=\"20% 20% 0% 20%\" data-480-600=\"29% 5% 0px 5%\" data-480=\"20% 5% 0px 5%\" >\n\t<div class=\"eltdf-eh-item-inner\" >\n\t\t<div class=\"eltdf-eh-item-content eltdf-eh-custom-250043\" style=\"padding: 25px 18% 50px 21%\">\n\t\t\t[vc_column_text css=&#8221;.vc_custom_1696452168432{margin-bottom: -25px !important;padding-bottom: 6px !important;}&#8221;]<\/p>\n<h6><span style=\"color: #b1af6a; font-size: 24px;\">Premium line \u2013 Chardonnay <\/span><\/h6>\n<p>[\/vc_column_text][vc_column_text css=&#8221;.vc_custom_1696452176331{padding-bottom: 4px !important;}&#8221;]<\/p>\n<h3>Aroma<\/h3>\n<p>[\/vc_column_text][vc_empty_space height=&#8221;10px&#8221;][vc_raw_html]JTNDZmlndXJlJTNFJTBBJTNDaW1nJTIwc3JjJTNEJTIyaHR0cHMlM0ElMkYlMkZjb3NzZXR0by5jb20uaHIlMkZ3cC1jb250ZW50JTJGdXBsb2FkcyUyRjIwMjMlMkYwOSUyRm1lZC5wbmclMjIlMjBhbHQlM0QlMjIlMjIlMjB3aWR0aCUzRCUyMjQ1JTIyJTIwaGVpZ2h0JTNEJTIyNDUlMjIlM0UlMEElM0NmaWdjYXB0aW9uJTNFSG9uZXklM0MlMkZmaWdjYXB0aW9uJTNFJTBBJTNDJTJGZmlndXJlJTNFJTBBJTNDZmlndXJlJTNFJTNDaW1nJTIwc3JjJTNEJTIyaHR0cHMlM0ElMkYlMkZjb3NzZXR0by5jb20uaHIlMkZ3cC1jb250ZW50JTJGdXBsb2FkcyUyRjIwMjMlMkYwOSUyRmJhbmFuYS5wbmclMjIlMjBhbHQlM0QlMjIlMjIlMjB3aWR0aCUzRCUyMjQ1JTIyJTIwaGVpZ2h0JTNEJTIyNDUlMjIlM0UlMEElM0NmaWdjYXB0aW9uJTNFQmFuYW5hJTNDJTJGZmlnY2FwdGlvbiUzRSUwQSUzQyUyRmZpZ3VyZSUzRSUwQSUzQ2ZpZ3VyZSUzRSUwQSUzQ2ltZyUyMHNyYyUzRCUyMmh0dHBzJTNBJTJGJTJGY29zc2V0dG8uY29tLmhyJTJGd3AtY29udGVudCUyRnVwbG9hZHMlMkYyMDIzJTJGMDklMkZrcnVza2EucG5nJTIyJTIwYWx0JTNEJTIyJTIyJTIwd2lkdGglM0QlMjI0NSUyMiUyMGhlaWdodCUzRCUyMjQ1JTIyJTNFJTBBJTNDZmlnY2FwdGlvbiUzRVBlYXIlM0MlMkZmaWdjYXB0aW9uJTNFJTBBJTNDJTJGZmlndXJlJTNFJTBBJTNDZmlndXJlJTNFJTBBJTNDaW1nJTIwc3JjJTNEJTIyaHR0cHMlM0ElMkYlMkZjb3NzZXR0by5jb20uaHIlMkZ3cC1jb250ZW50JTJGdXBsb2FkcyUyRjIwMjMlMkYwOSUyRnZhbmlsaWphLnBuZyUyMiUyMGFsdCUzRCUyMiUyMiUyMHdpZHRoJTNEJTIyNDUlMjIlMjBoZWlnaHQlM0QlMjI0NSUyMiUzRSUwQSUzQ2ZpZ2NhcHRpb24lM0VWYW5pbGxhJTNDJTJGZmlnY2FwdGlvbiUzRSUwQSUzQyUyRmZpZ3VyZSUzRQ==[\/vc_raw_html][vc_empty_space height=&#8221;10px&#8221;][vc_column_text css=&#8221;.vc_custom_1696452188881{padding-bottom: 4px !important;}&#8221;]<\/p>\n<h3>Tastes<\/h3>\n<p>[\/vc_column_text][vc_empty_space height=&#8221;10px&#8221;][vc_raw_html]JTNDZGl2JTIwY2xhc3MlM0QlMjJ2Y19wcm9ncmVzc19iYXIlMjB3cGJfY29udGVudF9lbGVtZW50JTIwJTIwdmNfcHJvZ3Jlc3MtYmFyLWNvbG9yLWJhciUyMiUzRSUwQSUzQ2RpdiUyMGNsYXNzJTNEJTIydmNfZ2VuZXJhbCUyMHZjX3NpbmdsZV9iYXIlMjIlM0UlM0NzbWFsbCUyMGNsYXNzJTNEJTIydmNfbGFiZWwlMjIlM0VEcnklMjAlMjAlMjAlMjAlMjAlMjAlMjAlMjAlMjAlMjA2JTNDJTJGc21hbGwlM0UlM0NzcGFuJTIwY2xhc3MlM0QlMjJ2Y19iYXIlMjAlMjIlMjBkYXRhLXBlcmNlbnRhZ2UtdmFsdWUlM0QlMjI2MCUyMiUyMGRhdGEtdmFsdWUlM0QlMjI2MCUyMiUyMHN0eWxlJTNEJTIyd2lkdGglM0ElMjA2MCUyNSUzQiUyMiUzRSUzQyUyRnNwYW4lM0UlM0MlMkZkaXYlM0UlMEElM0NkaXYlMjBjbGFzcyUzRCUyMnZjX2dlbmVyYWwlMjB2Y19zaW5nbGVfYmFyJTIyJTNFJTNDc21hbGwlMjBjbGFzcyUzRCUyMnZjX2xhYmVsJTIyJTNFV29vZCUyMCUyMCUyMCUyMCUyMCUyMCUyMCUyMCUyMCUyMDUlM0MlMkZzbWFsbCUzRSUzQ3NwYW4lMjBjbGFzcyUzRCUyMnZjX2JhciUyMCUyMiUyMGRhdGEtcGVyY2VudGFnZS12YWx1ZSUzRCUyMjUwJTIyJTIwZGF0YS12YWx1ZSUzRCUyMjUwJTIyJTIwc3R5bGUlM0QlMjJ3aWR0aCUzQSUyMDUwJTI1JTNCJTIyJTNFJTNDJTJGc3BhbiUzRSUzQyUyRmRpdiUzRSUwQSUzQ2RpdiUyMGNsYXNzJTNEJTIydmNfZ2VuZXJhbCUyMHZjX3NpbmdsZV9iYXIlMjIlM0UlM0NzbWFsbCUyMGNsYXNzJTNEJTIydmNfbGFiZWwlMjIlM0VCb2R5JTIwJTIwJTIwJTIwJTIwJTIwJTIwJTIwOSUzQyUyRnNtYWxsJTNFJTNDc3BhbiUyMGNsYXNzJTNEJTIydmNfYmFyJTIwJTIyJTIwZGF0YS1wZXJjZW50YWdlLXZhbHVlJTNEJTIyOTAlMjIlMjBkYXRhLXZhbHVlJTNEJTIyOTAlMjIlMjBzdHlsZSUzRCUyMndpZHRoJTNBJTIwOTAlMjUlM0IlMjIlM0UlM0MlMkZzcGFuJTNFJTNDJTJGZGl2JTNFJTBBJTBBJTNDZGl2JTIwY2xhc3MlM0QlMjJ2Y19nZW5lcmFsJTIwdmNfc2luZ2xlX2JhciUyMiUzRSUzQ3NtYWxsJTIwY2xhc3MlM0QlMjJ2Y19sYWJlbCUyMiUzRUFjaWRpdHklMjAlMjAlMjAlMjAlMjAlMjAlMjAlMjAlMjA2JTNDJTJGc21hbGwlM0UlM0NzcGFuJTIwY2xhc3MlM0QlMjJ2Y19iYXIlMjAlMjIlMjBkYXRhLXBlcmNlbnRhZ2UtdmFsdWUlM0QlMjI2MCUyMiUyMGRhdGEtdmFsdWUlM0QlMjI2MCUyMiUyMHN0eWxlJTNEJTIyd2lkdGglM0ElMjA2MCUyNSUzQiUyMiUzRSUzQyUyRnNwYW4lM0UlM0MlMkZkaXYlM0UlMEElM0MlMkZkaXYlM0U=[\/vc_raw_html]\t\t<\/div>\n\t<\/div>\n\t<\/div><\/div><\/div><div class=\"eltdf-vss-ms-section\" data-header-style=\"light\" style=\"background-image: url(https:\/\/cossetto.com.hr\/wp-content\/uploads\/2020\/08\/Cossetto2019_147-scaled.jpg);text-align: left\">\n\t<\/div><\/div><\/div>[\/vc_column][\/vc_row]<\/p>\n","protected":false},"excerpt":{"rendered":"<p>[vc_row][vc_column][\/vc_column][\/vc_row]<\/p>\n","protected":false},"author":1,"featured_media":0,"parent":0,"menu_order":0,"comment_status":"closed","ping_status":"closed","template":"full-width.php","meta":{"_monsterinsights_skip_tracking":false,"_monsterinsights_sitenote_active":false,"_monsterinsights_sitenote_note":"","_monsterinsights_sitenote_category":0,"footnotes":""},"class_list":["post-10912","page","type-page","status-publish","hentry"],"_links":{"self":[{"href":"https:\/\/cossetto.com.hr\/en\/wp-json\/wp\/v2\/pages\/10912","targetHints":{"allow":["GET"]}}],"collection":[{"href":"https:\/\/cossetto.com.hr\/en\/wp-json\/wp\/v2\/pages"}],"about":[{"href":"https:\/\/cossetto.com.hr\/en\/wp-json\/wp\/v2\/types\/page"}],"author":[{"embeddable":true,"href":"https:\/\/cossetto.com.hr\/en\/wp-json\/wp\/v2\/users\/1"}],"replies":[{"embeddable":true,"href":"https:\/\/cossetto.com.hr\/en\/wp-json\/wp\/v2\/comments?post=10912"}],"version-history":[{"count":9,"href":"https:\/\/cossetto.com.hr\/en\/wp-json\/wp\/v2\/pages\/10912\/revisions"}],"predecessor-version":[{"id":12530,"href":"https:\/\/cossetto.com.hr\/en\/wp-json\/wp\/v2\/pages\/10912\/revisions\/12530"}],"wp:attachment":[{"href":"https:\/\/cossetto.com.hr\/en\/wp-json\/wp\/v2\/media?parent=10912"}],"curies":[{"name":"wp","href":"https:\/\/api.w.org\/{rel}","templated":true}]}}