{"id":12464,"date":"2023-08-07T22:59:30","date_gmt":"2023-08-07T21:59:30","guid":{"rendered":"https:\/\/cossetto.com.hr\/malvazija-gentile\/"},"modified":"2023-10-04T21:52:03","modified_gmt":"2023-10-04T20:52:03","slug":"malvasia-gentile","status":"publish","type":"page","link":"https:\/\/cossetto.com.hr\/en\/malvasia-gentile\/","title":{"rendered":"Malvasia Gentile"},"content":{"rendered":"<p>[vc_row][vc_column]<div class=\"eltdf-vertical-split-slider\"><div class=\"eltdf-vss-ms-left\"><div class=\"eltdf-vss-ms-section\"  style=\"background-image: url(https:\/\/cossetto.com.hr\/wp-content\/uploads\/2023\/08\/Gentile_malvazija-01-1.jpg);text-align: left\">\n\t<\/div><div class=\"eltdf-vss-ms-section\" data-header-style=\"light\" style=\"background-color: #f8f8f8;text-align: left\">\n\t<div class=\"eltdf-elements-holder eltdf-responsive-mode-768\" ><div class=\"eltdf-eh-item \" data-item-class=\"eltdf-eh-custom-274532\" data-1280-1600=\"24px 20% 50px 20%\" data-1024-1280=\"0px 20% 22px 20%\" data-768-1024=\"12.5% 21% 0% 21%\" data-600-768=\"15% 20% 0% 20%\" data-480-600=\"29% 5% 0px 5%\" data-480=\"40% 5% 0px 5%\" >\n\t<div class=\"eltdf-eh-item-inner\" >\n\t\t<div class=\"eltdf-eh-item-content eltdf-eh-custom-274532\" style=\"padding: 25px 20% 50px 20%\">\n\t\t\t[vc_column_text css=&#8221;.vc_custom_1693823876887{margin-bottom: -25px !important;padding-bottom: 6px !important;}&#8221;]<\/p>\n<h6><span style=\"color: #b1af6a; font-size: 24px;\">Line GENTILE &#8211; Malvasia<\/span><\/h6>\n<p>[\/vc_column_text][vc_column_text css=&#8221;.vc_custom_1601925221475{padding-bottom: 4px !important;}&#8221;]<\/p>\n<h3>Characteristics<\/h3>\n<p>[\/vc_column_text]<div class=\"eltdf-iwt clearfix eltdf-iwt-icon-left eltdf-iwt-icon-small\">\n    <div class=\"eltdf-iwt-icon\">\n                                        <span class=\"eltdf-icon-shortcode eltdf-normal eltdf-icon-small\"  data-color=\"#64384d\">\n                    <i class=\"eltd-icon-dripicons dripicon dripicon-location eltdf-icon-element\" style=\"color: #64384d\" ><\/i>            <\/span>\n                        <\/div>\n    <div class=\"eltdf-iwt-content\" >\n\t    \t\t            <p class=\"eltdf-iwt-text\" >Region: Istria <\/p>\n\t\t    <\/div>\n<\/div>[vc_empty_space height=&#8221;10px&#8221;]<div class=\"eltdf-iwt clearfix eltdf-iwt-icon-left eltdf-iwt-icon-medium\">\n    <div class=\"eltdf-iwt-icon\">\n                                    <img loading=\"lazy\" decoding=\"async\" width=\"30\" height=\"37\" src=\"https:\/\/cossetto.com.hr\/wp-content\/uploads\/2017\/03\/custom-icon-7.png\" class=\"attachment-full size-full\" alt=\"a\" \/>                        <\/div>\n    <div class=\"eltdf-iwt-content\" >\n\t    \t\t            <p class=\"eltdf-iwt-text\" >Variety: Malvasia <\/p>\n\t\t    <\/div>\n<\/div>[vc_empty_space height=&#8221;10px&#8221;]<div class=\"eltdf-iwt clearfix eltdf-iwt-icon-left eltdf-iwt-icon-medium\">\n    <div class=\"eltdf-iwt-icon\">\n                                    <img loading=\"lazy\" decoding=\"async\" width=\"18\" height=\"37\" src=\"https:\/\/cossetto.com.hr\/wp-content\/uploads\/2017\/03\/custom-icon-9.png\" class=\"attachment-full size-full\" alt=\"a\" \/>                        <\/div>\n    <div class=\"eltdf-iwt-content\" >\n\t    \t\t            <p class=\"eltdf-iwt-text\" >Serving temperature: 10-12\u00b0C<\/p>\n\t\t    <\/div>\n<\/div>[vc_empty_space height=&#8221;10px&#8221;]<div class=\"eltdf-iwt clearfix eltdf-iwt-icon-left eltdf-iwt-icon-medium\">\n    <div class=\"eltdf-iwt-icon\">\n                                    <img loading=\"lazy\" decoding=\"async\" width=\"26\" height=\"37\" src=\"https:\/\/cossetto.com.hr\/wp-content\/uploads\/2017\/03\/custom-icon-6.png\" class=\"attachment-full size-full\" alt=\"a\" \/>                        <\/div>\n    <div class=\"eltdf-iwt-content\" >\n\t    \t\t            <p class=\"eltdf-iwt-text\" >Alcohol: 12,5 %<\/p>\n\t\t    <\/div>\n<\/div>[vc_empty_space height=&#8221;10px&#8221;]<div class=\"eltdf-iwt clearfix eltdf-iwt-icon-left eltdf-iwt-icon-medium\">\n    <div class=\"eltdf-iwt-icon\">\n                                    <img loading=\"lazy\" decoding=\"async\" width=\"28\" height=\"37\" src=\"https:\/\/cossetto.com.hr\/wp-content\/uploads\/2017\/03\/custom-icon-8.png\" class=\"attachment-full size-full\" alt=\"a\" \/>                        <\/div>\n    <div class=\"eltdf-iwt-content\" >\n\t    \t\t            <p class=\"eltdf-iwt-text\" >Content: 0,75L<\/p>\n\t\t    <\/div>\n<\/div>[vc_empty_space height=&#8221;10px&#8221;]\t\t<\/div>\n\t<\/div>\n\t<\/div><\/div><\/div><div class=\"eltdf-vss-ms-section\"  style=\"background-image: url(https:\/\/cossetto.com.hr\/wp-content\/uploads\/2023\/08\/Gentile-Malvazija_Obradjena.jpg);text-align: center\">\n\t<\/div><div class=\"eltdf-vss-ms-section\" data-header-style=\"light\" style=\"background-color: #f8f8f8;text-align: left\">\n\t<div class=\"eltdf-elements-holder eltdf-responsive-mode-768\" ><div class=\"eltdf-eh-item \" data-item-class=\"eltdf-eh-custom-762107\" data-1280-1600=\"0px 15% 30px 15%\" data-1024-1280=\"20px 15% 0px 15%\" data-768-1024=\"4% 11% 0% 11%\" data-600-768=\"15% 11% 0% 11%\" data-480-600=\"15% 2% 0% 0%;\" data-480=\"2% 4% 5% 4%\" >\n\t<div class=\"eltdf-eh-item-inner\" >\n\t\t<div class=\"eltdf-eh-item-content eltdf-eh-custom-762107\" style=\"padding: 0 20% 30px 20%\">\n\t\t\t[vc_column_text]<\/p>\n<h3>CONTACT US<\/h3>\n<p>[\/vc_column_text][vc_empty_space height=&#8221;20px&#8221;]<div class=\"eltdf-icon-list-holder\" style=\"margin-bottom: 0px\">\n\t<div class=\"eltdf-il-icon-holder\">\n\t\t<i class=\"eltd-icon-dripicons dripicon dripicon-location \" style=\"font-size: 15px\" ><\/i>\t<\/div>\n\t<p class=\"eltdf-il-text\" style=\"color: #808080;font-size: 15px;padding-left: 20px\"> Ro\u0161ki\u0107i 10, 52464 Ka\u0161telir, Croatia<\/p>\n<\/div>[vc_empty_space]\n<div class=\"wpcf7 no-js\" id=\"wpcf7-f10882-o1\" lang=\"en-US\" dir=\"ltr\" data-wpcf7-id=\"10882\">\n<div class=\"screen-reader-response\"><p role=\"status\" aria-live=\"polite\" aria-atomic=\"true\"><\/p> <ul><\/ul><\/div>\n<form action=\"\/en\/wp-json\/wp\/v2\/pages\/12464#wpcf7-f10882-o1\" method=\"post\" class=\"wpcf7-form init\" aria-label=\"Contact form\" novalidate=\"novalidate\" data-status=\"init\">\n<fieldset class=\"hidden-fields-container\"><input type=\"hidden\" name=\"_wpcf7\" value=\"10882\" \/><input type=\"hidden\" name=\"_wpcf7_version\" value=\"6.1.2\" \/><input type=\"hidden\" name=\"_wpcf7_locale\" value=\"en_US\" \/><input type=\"hidden\" name=\"_wpcf7_unit_tag\" value=\"wpcf7-f10882-o1\" \/><input type=\"hidden\" name=\"_wpcf7_container_post\" value=\"0\" \/><input type=\"hidden\" name=\"_wpcf7_posted_data_hash\" value=\"\" \/>\n<\/fieldset>\n<p><label> Your Name (required)<br \/>\n<span class=\"wpcf7-form-control-wrap\" data-name=\"your-name\"><input size=\"40\" maxlength=\"400\" class=\"wpcf7-form-control wpcf7-text wpcf7-validates-as-required\" aria-required=\"true\" aria-invalid=\"false\" value=\"\" type=\"text\" name=\"your-name\" \/><\/span> <\/label>\n<\/p>\n<p><label> Your Email (required)<br \/>\n<span class=\"wpcf7-form-control-wrap\" data-name=\"your-email\"><input size=\"40\" maxlength=\"400\" class=\"wpcf7-form-control wpcf7-email wpcf7-validates-as-required wpcf7-text wpcf7-validates-as-email\" aria-required=\"true\" aria-invalid=\"false\" value=\"\" type=\"email\" name=\"your-email\" \/><\/span> <\/label>\n<\/p>\n<p><label> Subject<br \/>\n<span class=\"wpcf7-form-control-wrap\" data-name=\"your-subject\"><input size=\"40\" maxlength=\"400\" class=\"wpcf7-form-control wpcf7-text wpcf7-validates-as-required\" aria-required=\"true\" aria-invalid=\"false\" value=\"\" type=\"text\" name=\"your-subject\" \/><\/span> <\/label>\n<\/p>\n<p><label> Your Message<br \/>\n<span class=\"wpcf7-form-control-wrap\" data-name=\"your-message\"><textarea cols=\"40\" rows=\"10\" maxlength=\"2000\" class=\"wpcf7-form-control wpcf7-textarea\" aria-invalid=\"false\" name=\"your-message\"><\/textarea><\/span> <\/label>\n<\/p>\n<p><input class=\"wpcf7-form-control wpcf7-submit has-spinner\" type=\"submit\" value=\"Send\" \/>\n<\/p><div class=\"wpcf7-response-output\" aria-hidden=\"true\"><\/div>\n<\/form>\n<\/div>\n\t\t<\/div>\n\t<\/div>\n\t<\/div><\/div><\/div><\/div><div class=\"eltdf-vss-ms-right\"><div class=\"eltdf-vss-ms-section\"  style=\"background-color: #f8f8f8;text-align: left\">\n\t<div class=\"eltdf-elements-holder eltdf-responsive-mode-768\" ><div class=\"eltdf-eh-item \" data-item-class=\"eltdf-eh-custom-894238\" data-1024-1280=\"0px 19% 26px 19%\" data-768-1024=\"19% 21% 0% 21%\" data-600-768=\"15% 20% 0% 20%\" data-480-600=\"25% 5% 0 5%\" data-480=\"19% 5% 5% 5%\" >\n\t<div class=\"eltdf-eh-item-inner\" >\n\t\t<div class=\"eltdf-eh-item-content eltdf-eh-custom-894238\" style=\"padding: 55px 19% 80px 19%\">\n\t\t\t[vc_column_text css=&#8221;.vc_custom_1691446066939{margin-bottom: -25px !important;padding-bottom: 4px !important;}&#8221;]<\/p>\n<h6><span style=\"color: #b1af6a; font-size: 24px;\">GENTILE line<\/span><\/h6>\n<p>[\/vc_column_text][vc_column_text css=&#8221;.vc_custom_1691445775833{padding-bottom: 6px !important;}&#8221;]<\/p>\n<h3>MALVASIA GENTILE<\/h3>\n<p>[\/vc_column_text][vc_column_text]<\/p>\n<h6><span style=\"color: #b1af6a; font-size: 22px; font-style: italic;\">Made for young people, loved by everyone. <\/span><\/h6>\n<p>[\/vc_column_text][vc_column_text]<\/p>\n<p style=\"font-size: 18px;\">This wine is an imaginative and unique creation of our oenologist Denis, the youngest member of the Cossetto family. She wanted to make it possible for young people who are just entering the world of wine-drinking to have an affordable top-quality wine, so this resulted in Gentile, which has a lively taste and an attractive aroma for a longer drinking indulgence. When we as a whole family are in the harvest, as well as in moments of intense work, there is nothing better than a glass of Gentile Malvasia. The strength of our young oenologist can be felt in it and this gives us the will and motivation to work.<br \/>\nThis wine is also decorated with a fun, flaunting label that reminds of summer days and nights. That is why Gentile Malvasia is a favourite of the younger generations, and the older ones will be absolutely delighted with it.<\/p>\n<p>[\/vc_column_text][vc_empty_space height=&#8221;25px&#8221;]<a itemprop=\"url\" href=\"https:\/\/cossetto.com.hr\/en\/wine\/malvasia-gentile\/\" target=\"_self\" style=\"margin: 0 0 70px 0\" class=\"eltdf-btn eltdf-btn-medium eltdf-btn-outline\"  >\n    <span class=\"eltdf-btn-text\">ADD TO BASKET<\/span>\n    <\/a>\t\t<\/div>\n\t<\/div>\n\t<\/div><\/div><\/div><div class=\"eltdf-vss-ms-section\" data-header-style=\"light\" style=\"background-image: url(https:\/\/cossetto.com.hr\/wp-content\/uploads\/2020\/08\/Cossetto_brajde-i-ulike-scaled.jpg);text-align: left\">\n\t<\/div><div class=\"eltdf-vss-ms-section\"  style=\"background-color: #f8f8f8;text-align: left\">\n\t<div class=\"eltdf-elements-holder eltdf-responsive-mode-768\" ><div class=\"eltdf-eh-item \" data-item-class=\"eltdf-eh-custom-844243\" data-1280-1600=\"24px 20% 50px 20%\" data-1024-1280=\"0px 20% 22px 20%\" data-768-1024=\"12.5% 21% 0% 21%\" data-600-768=\"20% 20% 0% 20%\" data-480-600=\"29% 5% 0px 5%\" data-480=\"20% 5% 0px 5%\" >\n\t<div class=\"eltdf-eh-item-inner\" >\n\t\t<div class=\"eltdf-eh-item-content eltdf-eh-custom-844243\" style=\"padding: 25px 20% 50px 20%\">\n\t\t\t[vc_column_text css=&#8221;.vc_custom_1691530575098{margin-bottom: -25px !important;padding-bottom: 6px !important;}&#8221;]<\/p>\n<h6><span style=\"color: #b1af6a; font-size: 24px;\">Line GENTILE &#8211; Malvasia<\/span><\/h6>\n<p>[\/vc_column_text][vc_column_text css=&#8221;.vc_custom_1691475337543{padding-bottom: 4px !important;}&#8221;]<\/p>\n<h3>Aromas<\/h3>\n<p>[\/vc_column_text][vc_empty_space height=&#8221;10px&#8221;][vc_raw_html]PGZpZ3VyZT4KPGltZyBzcmM9Imh0dHBzOi8vY29zc2V0dG8uY29tLmhyL3dwLWNvbnRlbnQvdXBsb2Fkcy8yMDIzLzA4L2xpbXVuLTEtNDV4NDUucG5nIiBhbHQ9IiIgd2lkdGg9IjQ1IiBoZWlnaHQ9IjQ1Ij4KPGZpZ2NhcHRpb24+TGVtb248L2ZpZ2NhcHRpb24+CjwvZmlndXJlPgo8ZmlndXJlPjxpbWcgc3JjPSJodHRwczovL2Nvc3NldHRvLmNvbS5oci93cC1jb250ZW50L3VwbG9hZHMvMjAyMy8wOC9iYXpnYS0xLTQ1eDQ1LnBuZyIgYWx0PSIiIHdpZHRoPSI0NSIgaGVpZ2h0PSI0NSI+CjxmaWdjYXB0aW9uPkVsZGVyYmVycnk8L2ZpZ2NhcHRpb24+CjwvZmlndXJlPgo8ZmlndXJlPgo8aW1nIHNyYz0iaHR0cHM6Ly9jb3NzZXR0by5jb20uaHIvd3AtY29udGVudC91cGxvYWRzLzIwMjMvMDgvYnJlc2t2YS00NXg0NS5wbmciIGFsdD0iIiB3aWR0aD0iNDUiIGhlaWdodD0iNDUiPgo8ZmlnY2FwdGlvbj5QZWFjaDwvZmlnY2FwdGlvbj4KPC9maWd1cmU+CjxmaWd1cmU+CjxpbWcgc3JjPSJodHRwczovL2Nvc3NldHRvLmNvbS5oci93cC1jb250ZW50L3VwbG9hZHMvMjAyMy8wOC9hbmFuYXMtNDV4NDUucG5nIiBhbHQ9IiIgd2lkdGg9IjQ1IiBoZWlnaHQ9IjQ1Ij4KPGZpZ2NhcHRpb24+UGluZWFwcGxlPC9maWdjYXB0aW9uPgo8L2ZpZ3VyZT4=[\/vc_raw_html][vc_empty_space height=&#8221;10px&#8221;][vc_column_text css=&#8221;.vc_custom_1691475360819{padding-bottom: 5px !important;}&#8221;]<\/p>\n<h3>Tastes<\/h3>\n<p>[\/vc_column_text][vc_empty_space height=&#8221;10px&#8221;][vc_raw_html]PGRpdiBjbGFzcz0idmNfcHJvZ3Jlc3NfYmFyIHdwYl9jb250ZW50X2VsZW1lbnQgdmNfcHJvZ3Jlc3MtYmFyLWNvbG9yLWJhciI+CjxkaXYgY2xhc3M9InZjX2dlbmVyYWwgdmNfc2luZ2xlX2JhciI+PHNtYWxsIGNsYXNzPSJ2Y19sYWJlbCI+RHJ5IDg8L3NtYWxsPjxzcGFuIGNsYXNzPSJ2Y19iYXIgIiBkYXRhLXBlcmNlbnRhZ2UtdmFsdWU9IjgwIiBkYXRhLXZhbHVlPSI4MCIgc3R5bGU9IndpZHRoOiA4MCU7Ij48L3NwYW4+PC9kaXY+CjxkaXYgY2xhc3M9InZjX2dlbmVyYWwgdmNfc2luZ2xlX2JhciI+PHNtYWxsIGNsYXNzPSJ2Y19sYWJlbCI+TWluZXJhbCA3PC9zbWFsbD48c3BhbiBjbGFzcz0idmNfYmFyICIgZGF0YS1wZXJjZW50YWdlLXZhbHVlPSI3MCIgZGF0YS12YWx1ZT0iNzAiIHN0eWxlPSJ3aWR0aDogNzAlOyI+PC9zcGFuPjwvZGl2Pgo8ZGl2IGNsYXNzPSJ2Y19nZW5lcmFsIHZjX3NpbmdsZV9iYXIiPjxzbWFsbCBjbGFzcz0idmNfbGFiZWwiPkJvZHkgODwvc21hbGw+PHNwYW4gY2xhc3M9InZjX2JhciAiIGRhdGEtcGVyY2VudGFnZS12YWx1ZT0iODAiIGRhdGEtdmFsdWU9IjgwIiBzdHlsZT0id2lkdGg6IDgwJTsiPjwvc3Bhbj48L2Rpdj4KPGRpdiBjbGFzcz0idmNfZ2VuZXJhbCB2Y19zaW5nbGVfYmFyIj48c21hbGwgY2xhc3M9InZjX2xhYmVsIj5BY2lkaXR5IDc8L3NtYWxsPjxzcGFuIGNsYXNzPSJ2Y19iYXIgIiBkYXRhLXBlcmNlbnRhZ2UtdmFsdWU9IjcwIiBkYXRhLXZhbHVlPSI3MCIgc3R5bGU9IndpZHRoOiA3MCU7Ij48L3NwYW4+PC9kaXY+CjwvZGl2Pg==[\/vc_raw_html]\t\t<\/div>\n\t<\/div>\n\t<\/div><\/div><\/div><div class=\"eltdf-vss-ms-section\" data-header-style=\"light\" style=\"background-image: url(https:\/\/cossetto.com.hr\/wp-content\/uploads\/2020\/08\/Cossetto2019_147-scaled.jpg);text-align: left\">\n\t<\/div><\/div><\/div>[\/vc_column][\/vc_row]<\/p>\n","protected":false},"excerpt":{"rendered":"<p>[vc_row][vc_column][\/vc_column][\/vc_row]<\/p>\n","protected":false},"author":3,"featured_media":0,"parent":0,"menu_order":0,"comment_status":"closed","ping_status":"closed","template":"full-width.php","meta":{"_monsterinsights_skip_tracking":false,"_monsterinsights_sitenote_active":false,"_monsterinsights_sitenote_note":"","_monsterinsights_sitenote_category":0,"footnotes":""},"class_list":["post-12464","page","type-page","status-publish","hentry"],"_links":{"self":[{"href":"https:\/\/cossetto.com.hr\/en\/wp-json\/wp\/v2\/pages\/12464","targetHints":{"allow":["GET"]}}],"collection":[{"href":"https:\/\/cossetto.com.hr\/en\/wp-json\/wp\/v2\/pages"}],"about":[{"href":"https:\/\/cossetto.com.hr\/en\/wp-json\/wp\/v2\/types\/page"}],"author":[{"embeddable":true,"href":"https:\/\/cossetto.com.hr\/en\/wp-json\/wp\/v2\/users\/3"}],"replies":[{"embeddable":true,"href":"https:\/\/cossetto.com.hr\/en\/wp-json\/wp\/v2\/comments?post=12464"}],"version-history":[{"count":11,"href":"https:\/\/cossetto.com.hr\/en\/wp-json\/wp\/v2\/pages\/12464\/revisions"}],"predecessor-version":[{"id":12520,"href":"https:\/\/cossetto.com.hr\/en\/wp-json\/wp\/v2\/pages\/12464\/revisions\/12520"}],"wp:attachment":[{"href":"https:\/\/cossetto.com.hr\/en\/wp-json\/wp\/v2\/media?parent=12464"}],"curies":[{"name":"wp","href":"https:\/\/api.w.org\/{rel}","templated":true}]}}