{"id":2699,"date":"2016-09-30T12:49:10","date_gmt":"2016-09-30T12:49:10","guid":{"rendered":"http:\/\/blu.elated-themes.com\/?page_id=2699"},"modified":"2023-11-29T14:00:30","modified_gmt":"2023-11-29T13:00:30","slug":"contact","status":"publish","type":"page","link":"https:\/\/cossetto.com.hr\/en\/contact\/","title":{"rendered":"Contact"},"content":{"rendered":"<p>[vc_row row_content_width=&#8221;grid&#8221; css=&#8221;.vc_custom_1491920222332{padding-top: 55px !important;padding-bottom: 120px !important;}&#8221;][vc_column]\n<div class=\"wpcf7 no-js\" id=\"wpcf7-f10882-o1\" lang=\"en-US\" dir=\"ltr\" data-wpcf7-id=\"10882\">\n<div class=\"screen-reader-response\"><p role=\"status\" aria-live=\"polite\" aria-atomic=\"true\"><\/p> <ul><\/ul><\/div>\n<form action=\"\/en\/wp-json\/wp\/v2\/pages\/2699#wpcf7-f10882-o1\" method=\"post\" class=\"wpcf7-form init\" aria-label=\"Contact form\" novalidate=\"novalidate\" data-status=\"init\">\n<fieldset class=\"hidden-fields-container\"><input type=\"hidden\" name=\"_wpcf7\" value=\"10882\" \/><input type=\"hidden\" name=\"_wpcf7_version\" value=\"6.1.2\" \/><input type=\"hidden\" name=\"_wpcf7_locale\" value=\"en_US\" \/><input type=\"hidden\" name=\"_wpcf7_unit_tag\" value=\"wpcf7-f10882-o1\" \/><input type=\"hidden\" name=\"_wpcf7_container_post\" value=\"0\" \/><input type=\"hidden\" name=\"_wpcf7_posted_data_hash\" value=\"\" \/>\n<\/fieldset>\n<p><label> Your Name (required)<br \/>\n<span class=\"wpcf7-form-control-wrap\" data-name=\"your-name\"><input size=\"40\" maxlength=\"400\" class=\"wpcf7-form-control wpcf7-text wpcf7-validates-as-required\" aria-required=\"true\" aria-invalid=\"false\" value=\"\" type=\"text\" name=\"your-name\" \/><\/span> <\/label>\n<\/p>\n<p><label> Your Email (required)<br \/>\n<span class=\"wpcf7-form-control-wrap\" data-name=\"your-email\"><input size=\"40\" maxlength=\"400\" class=\"wpcf7-form-control wpcf7-email wpcf7-validates-as-required wpcf7-text wpcf7-validates-as-email\" aria-required=\"true\" aria-invalid=\"false\" value=\"\" type=\"email\" name=\"your-email\" \/><\/span> <\/label>\n<\/p>\n<p><label> Subject<br \/>\n<span class=\"wpcf7-form-control-wrap\" data-name=\"your-subject\"><input size=\"40\" maxlength=\"400\" class=\"wpcf7-form-control wpcf7-text wpcf7-validates-as-required\" aria-required=\"true\" aria-invalid=\"false\" value=\"\" type=\"text\" name=\"your-subject\" \/><\/span> <\/label>\n<\/p>\n<p><label> Your Message<br \/>\n<span class=\"wpcf7-form-control-wrap\" data-name=\"your-message\"><textarea cols=\"40\" rows=\"10\" maxlength=\"2000\" class=\"wpcf7-form-control wpcf7-textarea\" aria-invalid=\"false\" name=\"your-message\"><\/textarea><\/span> <\/label>\n<\/p>\n<p><input class=\"wpcf7-form-control wpcf7-submit has-spinner\" type=\"submit\" value=\"Send\" \/>\n<\/p><div class=\"wpcf7-response-output\" aria-hidden=\"true\"><\/div>\n<\/form>\n<\/div>\n[\/vc_column][\/vc_row][vc_row css=&#8221;.vc_custom_1489568510419{padding-bottom: 0px !important;}&#8221;][vc_column css=&#8221;.vc_custom_1489568500826{padding-bottom: 0px !important;}&#8221;]<div class=\"eltdf-google-map-holder\">\n\t<div class=\"eltdf-google-map\" id=\"eltdf-map-1254260\" data-addresses='[\"Ro\u0161ki\u0107i 10, 52464 Ka\u0161telir\"]' data-custom-map-style=yes data-color-overlay=#393939 data-saturation=-100 data-lightness=0 data-zoom=16 data-pin=https:\/\/cossetto.com.hr\/wp-content\/uploads\/2017\/03\/h5-pin.png data-unique-id=1254260 data-scroll-wheel=no data-height=500><\/div>\n\t\t\t<div class=\"eltdf-google-map-overlay\"><\/div>\n\t<\/div>\n[\/vc_column][\/vc_row]<\/p>\n","protected":false},"excerpt":{"rendered":"<p>[vc_row row_content_width=&#8221;grid&#8221; css=&#8221;.vc_custom_1491920222332{padding-top: 55px !important;padding-bottom: 120px !important;}&#8221;][vc_column][\/vc_column][\/vc_row][vc_row css=&#8221;.vc_custom_1489568510419{padding-bottom: 0px !important;}&#8221;][vc_column css=&#8221;.vc_custom_1489568500826{padding-bottom: 0px !important;}&#8221;][\/vc_column][\/vc_row]<\/p>\n","protected":false},"author":1,"featured_media":0,"parent":0,"menu_order":0,"comment_status":"closed","ping_status":"closed","template":"full-width.php","meta":{"_monsterinsights_skip_tracking":false,"_monsterinsights_sitenote_active":false,"_monsterinsights_sitenote_note":"","_monsterinsights_sitenote_category":0,"footnotes":""},"class_list":["post-2699","page","type-page","status-publish","hentry"],"_links":{"self":[{"href":"https:\/\/cossetto.com.hr\/en\/wp-json\/wp\/v2\/pages\/2699","targetHints":{"allow":["GET"]}}],"collection":[{"href":"https:\/\/cossetto.com.hr\/en\/wp-json\/wp\/v2\/pages"}],"about":[{"href":"https:\/\/cossetto.com.hr\/en\/wp-json\/wp\/v2\/types\/page"}],"author":[{"embeddable":true,"href":"https:\/\/cossetto.com.hr\/en\/wp-json\/wp\/v2\/users\/1"}],"replies":[{"embeddable":true,"href":"https:\/\/cossetto.com.hr\/en\/wp-json\/wp\/v2\/comments?post=2699"}],"version-history":[{"count":8,"href":"https:\/\/cossetto.com.hr\/en\/wp-json\/wp\/v2\/pages\/2699\/revisions"}],"predecessor-version":[{"id":12558,"href":"https:\/\/cossetto.com.hr\/en\/wp-json\/wp\/v2\/pages\/2699\/revisions\/12558"}],"wp:attachment":[{"href":"https:\/\/cossetto.com.hr\/en\/wp-json\/wp\/v2\/media?parent=2699"}],"curies":[{"name":"wp","href":"https:\/\/api.w.org\/{rel}","templated":true}]}}